{"id":1562,"date":"2022-06-22T12:43:47","date_gmt":"2022-06-22T10:43:47","guid":{"rendered":"http:\/\/serwer1428267.home.pl\/autoinstalator\/wordpress5\/?page_id=1562"},"modified":"2025-02-21T08:30:54","modified_gmt":"2025-02-21T07:30:54","slug":"najem-sali-konferencyjnej","status":"publish","type":"page","link":"https:\/\/serwer1428267.home.pl\/autoinstalator\/wordpress5\/najem-sali-konferencyjnej\/","title":{"rendered":"Najem sali konferencyjnej"},"content":{"rendered":"\n<p>Sp\u00f3\u0142dzielnia umo\u017cliwia najem sali konferencyjnej na wy\u0142\u0105czno\u015b\u0107 w budynku Sp\u00f3\u0142dzielni, kt\u00f3ra znajduje si\u0119 na I pi\u0119trze. Sala konferencyjna o wymiarach 7,50 m x 16,10 m. Na sali znajduje si\u0119 oddzielne pomieszczenie na szatni\u0119. Sala wyposa\u017cona w sto\u0142y i krzes\u0142a do w\u0142asnej regulacji. Sala klimatyzowana, ogrzewana podczas sezonu grzewczego. Sala wyposa\u017cona w projektor i ekran wy\u015bwietlaj\u0105cy do u\u017cytku. Przy sali, na tym samym pi\u0119trze dost\u0119pna \u0142azienka.<\/p>\n\n\n\n<p>W celu najmu sali konferencyjnej prosimy o kontakt mailowy : smlw@smsierpc.pl lub telefoniczny 24 275-28-12  <\/p>\n\n\n\n<p>Termin, godziny najmu oraz cena do uzgodnienia. <\/p>\n\n\n\n<figure class=\"wp-block-image size-large is-resized\"><img loading=\"lazy\" decoding=\"async\" width=\"1024\" height=\"768\" src=\"https:\/\/serwer1428267.home.pl\/autoinstalator\/wordpress5\/wp-content\/uploads\/2022\/06\/IMG_2022-1024x768.jpg\" alt=\"\" class=\"wp-image-1566\" style=\"width:1139px;height:855px\" srcset=\"https:\/\/serwer1428267.home.pl\/autoinstalator\/wordpress5\/wp-content\/uploads\/2022\/06\/IMG_2022-1024x768.jpg 1024w, https:\/\/serwer1428267.home.pl\/autoinstalator\/wordpress5\/wp-content\/uploads\/2022\/06\/IMG_2022-300x225.jpg 300w, https:\/\/serwer1428267.home.pl\/autoinstalator\/wordpress5\/wp-content\/uploads\/2022\/06\/IMG_2022-768x576.jpg 768w, https:\/\/serwer1428267.home.pl\/autoinstalator\/wordpress5\/wp-content\/uploads\/2022\/06\/IMG_2022-1536x1152.jpg 1536w, https:\/\/serwer1428267.home.pl\/autoinstalator\/wordpress5\/wp-content\/uploads\/2022\/06\/IMG_2022-2048x1536.jpg 2048w\" sizes=\"auto, (max-width: 1024px) 100vw, 1024px\" \/><\/figure>\n","protected":false},"excerpt":{"rendered":"<p>Sp\u00f3\u0142dzielnia umo\u017cliwia najem sali konferencyjnej na wy\u0142\u0105czno\u015b\u0107 w budynku Sp\u00f3\u0142dzielni, kt\u00f3ra znajduje si\u0119 na I pi\u0119trze. Sala konferencyjna o wymiarach 7,50 m x 16,10 m. Na sali znajduje si\u0119 oddzielne pomieszczenie na szatni\u0119. Sala wyposa\u017cona w sto\u0142y i krzes\u0142a do w\u0142asnej regulacji. Sala klimatyzowana, ogrzewana podczas sezonu grzewczego. Sala wyposa\u017cona w projektor i ekran wy\u015bwietlaj\u0105cy [&hellip;]<\/p>\n","protected":false},"author":1,"featured_media":0,"parent":0,"menu_order":0,"comment_status":"closed","ping_status":"closed","template":"","meta":{"footnotes":""},"class_list":["post-1562","page","type-page","status-publish","hentry"],"_links":{"self":[{"href":"https:\/\/serwer1428267.home.pl\/autoinstalator\/wordpress5\/wp-json\/wp\/v2\/pages\/1562","targetHints":{"allow":["GET"]}}],"collection":[{"href":"https:\/\/serwer1428267.home.pl\/autoinstalator\/wordpress5\/wp-json\/wp\/v2\/pages"}],"about":[{"href":"https:\/\/serwer1428267.home.pl\/autoinstalator\/wordpress5\/wp-json\/wp\/v2\/types\/page"}],"author":[{"embeddable":true,"href":"https:\/\/serwer1428267.home.pl\/autoinstalator\/wordpress5\/wp-json\/wp\/v2\/users\/1"}],"replies":[{"embeddable":true,"href":"https:\/\/serwer1428267.home.pl\/autoinstalator\/wordpress5\/wp-json\/wp\/v2\/comments?post=1562"}],"version-history":[{"count":3,"href":"https:\/\/serwer1428267.home.pl\/autoinstalator\/wordpress5\/wp-json\/wp\/v2\/pages\/1562\/revisions"}],"predecessor-version":[{"id":2114,"href":"https:\/\/serwer1428267.home.pl\/autoinstalator\/wordpress5\/wp-json\/wp\/v2\/pages\/1562\/revisions\/2114"}],"wp:attachment":[{"href":"https:\/\/serwer1428267.home.pl\/autoinstalator\/wordpress5\/wp-json\/wp\/v2\/media?parent=1562"}],"curies":[{"name":"wp","href":"https:\/\/api.w.org\/{rel}","templated":true}]}}